{"id":8115,"date":"2026-04-08T08:58:32","date_gmt":"2026-04-08T07:58:32","guid":{"rendered":"https:\/\/shop.3dmetal.pt\/?post_type=product&#038;p=8115"},"modified":"2026-04-14T13:59:36","modified_gmt":"2026-04-14T12:59:36","slug":"jardim-floreira-raiz-rt","status":"publish","type":"product","link":"https:\/\/shop.3dmetal.pt\/en\/product\/jardim-floreira-raiz-rt\/","title":{"rendered":"Floreira RAIZ RT"},"content":{"rendered":"<h2 class=\"\" data-start=\"150\" data-end=\"202\"><strong data-start=\"153\" data-end=\"202\">Floreira RAIZ RT \u2013 onde nasce a beleza do espa\u00e7o<\/strong><\/h2>\n<p class=\"\" data-start=\"204\" data-end=\"505\"><strong data-start=\"204\" data-end=\"212\">Raiz RT<\/strong> n\u00e3o \u00e9 apenas uma floreira \u2014 \u00e9 um ponto de partida. Um elemento de liga\u00e7\u00e3o entre o design industrial e a natureza viva. Com linhas simples e uma presen\u00e7a s\u00f3lida, esta pe\u00e7a foi pensada para valorizar qualquer espa\u00e7o interior ou exterior, tornando-se o palco ideal para dar vida \u00e0s suas plantas.<\/p>\n<p class=\"\" data-start=\"507\" data-end=\"749\">Com dimens\u00f5es vari\u00e1veis, a <strong data-start=\"545\" data-end=\"553\">Raiz RT<\/strong> \u00e9 compacta, mas com capacidade generosa. Ideal para varandas, p\u00e1tios, jardins, entradas ou mesmo interiores com personalidade, esta adapta-se facilmente a diferentes ambientes e estilos.<\/p>\n<hr class=\"\" data-start=\"751\" data-end=\"754\" \/>\n<h3 class=\"\" data-start=\"756\" data-end=\"816\"><strong data-start=\"760\" data-end=\"816\">Dispon\u00edvel em duas vers\u00f5es: a\u00e7o corten e a\u00e7o pintado<\/strong><\/h3>\n<p class=\"\" data-start=\"818\" data-end=\"1353\"><strong data-start=\"818\" data-end=\"833\">Raiz RT Corten<\/strong><br data-start=\"833\" data-end=\"836\" \/>A vers\u00e3o em <strong data-start=\"848\" data-end=\"862\">a\u00e7o corten<\/strong> \u00e9 a escolha para quem aprecia a transforma\u00e7\u00e3o do tempo. Chega at\u00e9 si em estado bruto \u2014 uma superf\u00edcie met\u00e1lica de tom acastanhado, quase discreta \u2014 mas com o passar dos meses (geralmente entre <strong data-start=\"1056\" data-end=\"1071\">2 a 6 meses<\/strong>, dependendo do clima), o canteiro come\u00e7a a ganhar vida. O processo natural de oxida\u00e7\u00e3o cria uma <strong data-start=\"1168\" data-end=\"1193\">p\u00e1tina quente e \u00fanica<\/strong>, que protege o material e lhe confere um visual irrepet\u00edvel. Cada pe\u00e7a desenvolve o seu pr\u00f3prio padr\u00e3o e tonalidade, tornando-se verdadeiramente <strong data-start=\"1339\" data-end=\"1352\">exclusiva<\/strong>.<\/p>\n<p class=\"\" data-start=\"1355\" data-end=\"1770\"><strong data-start=\"1355\" data-end=\"1377\">Raiz RT Cor (pintada)<\/strong><br data-start=\"1377\" data-end=\"1380\" \/>Se preferir um acabamento imediato e uniforme, a <strong data-start=\"1429\" data-end=\"1437\">Raiz RT<\/strong>\u00a0est\u00e1 tamb\u00e9m dispon\u00edvel em vers\u00e3o <strong data-start=\"1471\" data-end=\"1487\">pintada a p\u00f3<\/strong>. Este acabamento \u00e9 altamente resistente \u00e0s intemp\u00e9ries, raios UV e \u00e0 passagem do tempo, mantendo o seu aspeto original durante anos. Dispon\u00edvel em v\u00e1rias cores cuidadosamente selecionadas, esta vers\u00e3o oferece um toque contempor\u00e2neo e vibrante, sem comprometer a durabilidade.<\/p>\n<p data-start=\"1355\" data-end=\"1770\"><strong data-start=\"1355\" data-end=\"1377\">Raiz RT Personalizada<\/strong><br data-start=\"1377\" data-end=\"1380\" \/>Todas as nossas floreiras t\u00eam a possibilidade de personaliza\u00e7\u00e3o, seja com um corte de um padr\u00e3o como altera\u00e7\u00e3o de medidas ou acabamentos. Basta apresentar-nos a sua ideia e poderemos, juntos, criar algo \u00fanico.<\/p>\n<hr class=\"\" data-start=\"1772\" data-end=\"1775\" \/>\n<h3 class=\"\" data-start=\"1777\" data-end=\"1813\"><strong data-start=\"1781\" data-end=\"1813\">Montagem simples e intuitiva<\/strong><\/h3>\n<p class=\"\" data-start=\"1815\" data-end=\"2122\">Para facilitar o transporte e reduzir a pegada ecol\u00f3gica, a <strong data-start=\"1884\" data-end=\"1892\">Raiz RT<\/strong>\u00a0\u00e9 enviada <strong data-start=\"1903\" data-end=\"1917\">desmontada<\/strong>. Mas a montagem \u00e9 r\u00e1pida e pr\u00e1tica: inclu\u00edmos <strong data-start=\"1964\" data-end=\"1999\">todos os acess\u00f3rios necess\u00e1rios<\/strong> \u2014 parafusos, chave e instru\u00e7\u00f5es claras \u2014 para que em poucos minutos tenha a sua floreira pronta a receber as suas plantas.<\/p>\n<p class=\"\" data-start=\"2124\" data-end=\"2232\">Uma vez montada, a <strong data-start=\"2143\" data-end=\"2174\">estrutura \u00e9 firme e robusta<\/strong>, garantindo estabilidade e resist\u00eancia ao longo do tempo. A base inclui <strong>niveladores<\/strong> ajust\u00e1veis, assegurando estabilidade mesmo em superf\u00edcies irregulares. Caso pretenda maior mobilidade, existe a op\u00e7\u00e3o de aplica\u00e7\u00e3o de <strong>rod\u00edzios<\/strong> (sob consulta).<\/p>\n<hr class=\"\" data-start=\"2234\" data-end=\"2237\" \/>\n<h3 class=\"\" data-start=\"2239\" data-end=\"2274\"><strong data-start=\"2243\" data-end=\"2274\">Caracter\u00edsticas principais:<\/strong><\/h3>\n<ul>\n<li data-start=\"2311\" data-end=\"2381\"><strong data-start=\"2311\" data-end=\"2337\">Materiais dispon\u00edveis:<\/strong> A\u00e7o corten (em bruto) ou a\u00e7o galvanizado pintado a p\u00f3<\/li>\n<li data-start=\"2311\" data-end=\"2381\"><strong data-start=\"2384\" data-end=\"2397\">Envio:<\/strong> Desmontada, inclui todos os acess\u00f3rios<\/li>\n<li data-start=\"2441\" data-end=\"2479\"><strong data-start=\"2441\" data-end=\"2456\">Utiliza\u00e7\u00e3o:<\/strong> Interior ou exterior<\/li>\n<li data-start=\"2482\" data-end=\"2548\"><strong data-start=\"2482\" data-end=\"2498\">Resist\u00eancia:<\/strong> Excelente durabilidade e resist\u00eancia \u00e0 corros\u00e3o<\/li>\n<li data-start=\"2551\" data-end=\"2605\"><strong data-start=\"2551\" data-end=\"2564\">Drenagem:<\/strong> Base com furos para drenagem de \u00e1gua<\/li>\n<li data-start=\"2608\" data-end=\"2711\"><strong data-start=\"2608\" data-end=\"2623\">Manuten\u00e7\u00e3o:<\/strong> m\u00ednima \u2013 o corten evolui naturalmente, a vers\u00e3o pintada mant\u00e9m-se com limpeza ocasional<\/li>\n<li><strong data-start=\"2608\" data-end=\"2623\">Base:<\/strong> inclui niveladores ajust\u00e1veis para maior estabilidade<\/li>\n<li><strong data-start=\"2608\" data-end=\"2623\">Opcional:<\/strong>\u00a0possibilidade de aplica\u00e7\u00e3o de rod\u00edzios (sob consulta, com acr\u00e9scimo de pre\u00e7o<\/li>\n<\/ul>\n<hr class=\"\" data-start=\"2713\" data-end=\"2716\" \/>\n<h3 class=\"\" data-start=\"2718\" data-end=\"2746\"><strong data-start=\"2722\" data-end=\"2746\">Design com prop\u00f3sito<\/strong><\/h3>\n<p class=\"\" data-start=\"2748\" data-end=\"3067\">O nome <strong data-start=\"2755\" data-end=\"2763\">Raiz RT <\/strong>nasce da ideia de origem, de base, de crescimento. Esta \u00e9 pensada como estrutura de apoio \u2014 n\u00e3o s\u00f3 \u00e0s plantas, mas tamb\u00e9m ao estilo do espa\u00e7o onde est\u00e1 inserida. O contraste entre o metal e o verde natural cria um equil\u00edbrio visual poderoso, que transforma qualquer canto num lugar com identidade.<\/p>\n<p class=\"\" data-start=\"3069\" data-end=\"3241\">\u00c9 tamb\u00e9m uma pe\u00e7a pensada para durar. A est\u00e9tica robusta junta-se \u00e0 funcionalidade, num produto que n\u00e3o \u00e9 apenas bonito \u2014 \u00e9 <strong data-start=\"3193\" data-end=\"3208\">inteligente<\/strong>, <strong data-start=\"3210\" data-end=\"3223\">eficiente<\/strong> e <strong data-start=\"3226\" data-end=\"3240\">consciente<\/strong>.<\/p>\n<hr class=\"\" data-start=\"3243\" data-end=\"3246\" \/>\n<h3 class=\"\" data-start=\"3248\" data-end=\"3290\"><strong data-start=\"3252\" data-end=\"3290\">Raiz \u00e9 o in\u00edcio. O resto floresce.<\/strong><\/h3>\n<p class=\"\" data-start=\"3292\" data-end=\"3486\">Com a <strong data-start=\"3298\" data-end=\"3306\">Raiz RT<\/strong>, leva para casa mais do que uma floreira. Leva um objeto que se transforma com o tempo, que evolui com o espa\u00e7o, e que acolhe o crescimento da natureza com beleza e autenticidade.<\/p>\n<p class=\"\" data-start=\"3488\" data-end=\"3632\">Seja no jardim ou na sala, no terra\u00e7o ou na entrada, a <strong data-start=\"3543\" data-end=\"3551\">Raiz RT<\/strong>\u00a0convida \u00e0 cria\u00e7\u00e3o de um ambiente vivo \u2014 com hist\u00f3ria, com textura, com inten\u00e7\u00e3o.<\/p>","protected":false},"excerpt":{"rendered":"<p>A floreira <strong data-start=\"204\" data-end=\"212\">Raiz RT<\/strong> n\u00e3o \u00e9 apenas uma floreira \u2014 \u00e9 um ponto de partida. Um elemento de liga\u00e7\u00e3o entre o design industrial e a natureza viva. Com linhas simples e uma presen\u00e7a s\u00f3lida, esta pe\u00e7a foi pensada para valorizar qualquer espa\u00e7o interior ou exterior, tornando-se o palco ideal para dar vida \u00e0s suas plantas.<\/p>","protected":false},"featured_media":8155,"template":"","meta":{"site-sidebar-layout":"default","site-content-layout":"","ast-site-content-layout":"default","site-content-style":"default","site-sidebar-style":"default","ast-global-header-display":"","ast-banner-title-visibility":"","ast-main-header-display":"","ast-hfb-above-header-display":"","ast-hfb-below-header-display":"","ast-hfb-mobile-header-display":"","site-post-title":"","ast-breadcrumbs-content":"","ast-featured-img":"","footer-sml-layout":"","ast-disable-related-posts":"","theme-transparent-header-meta":"default","adv-header-id-meta":"","stick-header-meta":"","header-above-stick-meta":"","header-main-stick-meta":"","header-below-stick-meta":"","astra-migrate-meta-layouts":"set","ast-page-background-enabled":"default","ast-page-background-meta":{"desktop":{"background-color":"","background-image":"","background-repeat":"repeat","background-position":"center center","background-size":"auto","background-attachment":"scroll","background-type":"","background-media":"","overlay-type":"","overlay-color":"","overlay-opacity":"","overlay-gradient":""},"tablet":{"background-color":"","background-image":"","background-repeat":"repeat","background-position":"center center","background-size":"auto","background-attachment":"scroll","background-type":"","background-media":"","overlay-type":"","overlay-color":"","overlay-opacity":"","overlay-gradient":""},"mobile":{"background-color":"","background-image":"","background-repeat":"repeat","background-position":"center center","background-size":"auto","background-attachment":"scroll","background-type":"","background-media":"","overlay-type":"","overlay-color":"","overlay-opacity":"","overlay-gradient":""}},"ast-content-background-meta":{"desktop":{"background-color":"var(--ast-global-color-5)","background-image":"","background-repeat":"repeat","background-position":"center center","background-size":"auto","background-attachment":"scroll","background-type":"","background-media":"","overlay-type":"","overlay-color":"","overlay-opacity":"","overlay-gradient":""},"tablet":{"background-color":"var(--ast-global-color-5)","background-image":"","background-repeat":"repeat","background-position":"center center","background-size":"auto","background-attachment":"scroll","background-type":"","background-media":"","overlay-type":"","overlay-color":"","overlay-opacity":"","overlay-gradient":""},"mobile":{"background-color":"var(--ast-global-color-5)","background-image":"","background-repeat":"repeat","background-position":"center center","background-size":"auto","background-attachment":"scroll","background-type":"","background-media":"","overlay-type":"","overlay-color":"","overlay-opacity":"","overlay-gradient":""}}},"product_brand":[],"product_cat":[111,446],"product_tag":[453,127,103,452,510,121,110,454],"class_list":{"0":"post-8115","1":"product","2":"type-product","3":"status-publish","4":"has-post-thumbnail","6":"product_cat-jardim","7":"product_cat-floreiras","8":"product_tag-canteiro","9":"product_tag-corten","10":"product_tag-exterior","11":"product_tag-floreira","12":"product_tag-interior","13":"product_tag-jardim","14":"product_tag-metal","15":"product_tag-plantas","16":"desktop-align-left","17":"tablet-align-left","18":"mobile-align-left","20":"first","21":"instock","22":"taxable","23":"shipping-taxable","24":"purchasable","25":"product-type-variable"},"_links":{"self":[{"href":"https:\/\/shop.3dmetal.pt\/en\/wp-json\/wp\/v2\/product\/8115","targetHints":{"allow":["GET"]}}],"collection":[{"href":"https:\/\/shop.3dmetal.pt\/en\/wp-json\/wp\/v2\/product"}],"about":[{"href":"https:\/\/shop.3dmetal.pt\/en\/wp-json\/wp\/v2\/types\/product"}],"version-history":[{"count":5,"href":"https:\/\/shop.3dmetal.pt\/en\/wp-json\/wp\/v2\/product\/8115\/revisions"}],"predecessor-version":[{"id":8152,"href":"https:\/\/shop.3dmetal.pt\/en\/wp-json\/wp\/v2\/product\/8115\/revisions\/8152"}],"wp:featuredmedia":[{"embeddable":true,"href":"https:\/\/shop.3dmetal.pt\/en\/wp-json\/wp\/v2\/media\/8155"}],"wp:attachment":[{"href":"https:\/\/shop.3dmetal.pt\/en\/wp-json\/wp\/v2\/media?parent=8115"}],"wp:term":[{"taxonomy":"product_brand","embeddable":true,"href":"https:\/\/shop.3dmetal.pt\/en\/wp-json\/wp\/v2\/product_brand?post=8115"},{"taxonomy":"product_cat","embeddable":true,"href":"https:\/\/shop.3dmetal.pt\/en\/wp-json\/wp\/v2\/product_cat?post=8115"},{"taxonomy":"product_tag","embeddable":true,"href":"https:\/\/shop.3dmetal.pt\/en\/wp-json\/wp\/v2\/product_tag?post=8115"}],"curies":[{"name":"wp","href":"https:\/\/api.w.org\/{rel}","templated":true}]}}